{"id":4838,"date":"2021-09-07T10:32:16","date_gmt":"2021-09-07T10:32:16","guid":{"rendered":"https:\/\/www.arrabidaguesthouse.pt\/?page_id=4838"},"modified":"2024-11-08T11:10:12","modified_gmt":"2024-11-08T11:10:12","slug":"privacy-policy","status":"publish","type":"page","link":"https:\/\/www.arrabidaguesthouse.pt\/en\/privacy-policy\/","title":{"rendered":"Privacy Policy"},"content":{"rendered":"\t\t<div data-elementor-type=\"wp-post\" data-elementor-id=\"4838\" class=\"elementor elementor-4838 elementor-561\" data-elementor-settings=\"[]\">\n\t\t\t\t\t\t\t<div class=\"elementor-section-wrap\">\n\t\t\t\t\t\t\t<section class=\"elementor-section elementor-top-section elementor-element elementor-element-7c6ff5bb elementor-section-full_width elementor-section-height-min-height elementor-section-items-stretch elementor-section-height-default\" data-id=\"7c6ff5bb\" data-element_type=\"section\" data-settings=\"{&quot;background_background&quot;:&quot;classic&quot;}\">\n\t\t\t\t\t\t\t<div class=\"elementor-background-overlay\"><\/div>\n\t\t\t\t\t\t\t<div class=\"elementor-container elementor-column-gap-default\">\n\t\t\t\t\t<div class=\"elementor-column elementor-col-100 elementor-top-column elementor-element elementor-element-91f9f2b\" data-id=\"91f9f2b\" data-element_type=\"column\">\n\t\t\t<div class=\"elementor-widget-wrap elementor-element-populated\">\n\t\t\t\t\t\t\t\t<div class=\"elementor-element elementor-element-dbfc71e elementor-widget__width-inherit elementor-absolute elementor-widget elementor-widget-image\" data-id=\"dbfc71e\" data-element_type=\"widget\" data-settings=\"{&quot;_position&quot;:&quot;absolute&quot;}\" data-widget_type=\"image.default\">\n\t\t\t\t<div class=\"elementor-widget-container\">\n\t\t\t<style>\/*! elementor - v3.3.1 - 20-07-2021 *\/\n.elementor-widget-image{text-align:center}.elementor-widget-image a{display:inline-block}.elementor-widget-image a img[src$=\".svg\"]{width:48px}.elementor-widget-image img{vertical-align:middle;display:inline-block}<\/style>\t\t\t\t\t\t\t\t\t\t\t\t\t<a href=\"\/\">\n\t\t\t\t\t\t\t<img src=\"https:\/\/www.arrabidaguesthouse.pt\/wp-content\/uploads\/elementor\/thumbs\/arrabida-guesthouse-logo-white-quqalke47pabt2iyxiso673n4oeqwkedwjwizt8ema.png\" title=\"arrabida-guesthouse-logo-white\" alt=\"arrabida-guesthouse-logo-white\" \/>\t\t\t\t\t\t\t\t<\/a>\n\t\t\t\t\t\t\t\t\t\t\t\t\t\t\t<\/div>\n\t\t\t\t<\/div>\n\t\t\t\t<div class=\"elementor-element elementor-element-32575fce elementor-widget elementor-widget-spacer\" data-id=\"32575fce\" data-element_type=\"widget\" data-widget_type=\"spacer.default\">\n\t\t\t\t<div class=\"elementor-widget-container\">\n\t\t\t\t\t<div class=\"elementor-spacer\">\n\t\t\t<div class=\"elementor-spacer-inner\"><\/div>\n\t\t<\/div>\n\t\t\t\t<\/div>\n\t\t\t\t<\/div>\n\t\t\t\t<div class=\"elementor-element elementor-element-b83b3ee elementor-absolute elementor-view-default elementor-position-top elementor-invisible elementor-widget elementor-widget-themo-header\" data-id=\"b83b3ee\" data-element_type=\"widget\" data-settings=\"{&quot;_animation&quot;:&quot;fadeIn&quot;,&quot;_position&quot;:&quot;absolute&quot;}\" data-widget_type=\"themo-header.default\">\n\t\t\t\t<div class=\"elementor-widget-container\">\n\t\t\t\t\t<div class=\"th-header-wrap\">\n        <div class=\"elementor-icon-box-wrapper \">\n                            <div class=\"elementor-icon-box-content\">\n                    <h1 class=\"elementor-icon-box-title\">\n                        <span >Privacy Policy<\/span>\n                    <\/h1>\n                                        <p class=\"elementor-icon-box-description\"><\/p>\n\n                                    <\/div>\n            <\/div>\n\n        <\/div>\n\n\t\t\t\t<\/div>\n\t\t\t\t<\/div>\n\t\t\t\t\t<\/div>\n\t\t<\/div>\n\t\t\t\t\t\t\t<\/div>\n\t\t<\/section>\n\t\t\t\t<section class=\"elementor-section elementor-top-section elementor-element elementor-element-6b76413 elementor-section-full_width elementor-section-height-default elementor-section-height-default\" data-id=\"6b76413\" data-element_type=\"section\" data-settings=\"{&quot;background_background&quot;:&quot;classic&quot;}\">\n\t\t\t\t\t\t<div class=\"elementor-container elementor-column-gap-default\">\n\t\t\t\t\t<div class=\"elementor-column elementor-col-100 elementor-top-column elementor-element elementor-element-52ca4d0\" data-id=\"52ca4d0\" data-element_type=\"column\">\n\t\t\t<div class=\"elementor-widget-wrap elementor-element-populated\">\n\t\t\t\t\t\t\t\t<div class=\"elementor-element elementor-element-0b7d1a6 elementor-widget elementor-widget-themo-mphb-search-form\" data-id=\"0b7d1a6\" data-element_type=\"widget\" data-widget_type=\"themo-mphb-search-form.default\">\n\t\t\t\t<div class=\"elementor-widget-container\">\n\t\t\t        <div class=\"th-fo-form  th-centered th-conversion  th-btn-form btn-standard-primary-form\"><div class=\"mphb_sc_search-wrapper  frm_forms with_frm_style\"><form method=\"GET\" id=\"mphb_form-mphb-search-form-69e087e36f443\" class=\"mphb_sc_search-form\" action=\"https:\/\/www.arrabidaguesthouse.pt\/en\/privacy-policy\/\">\n\n\t<p class = \"mphb-required-fields-tip\">\r\n\t<small>\r\n\t\tRequired fields are followed by\t\t<abbr title=\"required\">*<\/abbr>\r\n\t<\/small>\r\n<\/p>\n\t<p class=\"mphb_sc_search-check-in-date frm_form_field\">\n\t\t<label for=\"mphb_check_in_date-mphb-search-form-69e087e36f443\">\n\t\t\tCheck-in\t\t\t<abbr title=\"Formatted as dd\/mm\/yyyy\">*<\/abbr>\n\t\t<\/label>\n\t\t<br \/>\n\t\t<input\n\t\t\tid=\"mphb_check_in_date-mphb-search-form-69e087e36f443\"\n\t\t\tdata-datepick-group=\"mphb-search-form-69e087e36f443\"\n\t\t\tvalue=\"\"\n\t\t\tplaceholder=\"Check-in Date\"\n\t\t\trequired=\"required\"\n\t\t\ttype=\"text\"\n\t\t\tname=\"mphb_check_in_date\"\n\t\t\tclass=\"mphb-datepick\"\n\t\t\tautocomplete=\"off\"\n\t\t\t\/>\n\t<\/p>\n\n\t<p class=\"mphb_sc_search-check-out-date frm_form_field\">\n\t\t<label for=\"mphb_check_out_date-mphb-search-form-69e087e36f443\">\n\t\t\tCheck-out\t\t\t<abbr title=\"Formatted as dd\/mm\/yyyy\">*<\/abbr>\n\t\t<\/label>\n\t\t<br \/>\n\t\t<input\n\t\t\tid=\"mphb_check_out_date-mphb-search-form-69e087e36f443\"\n\t\t\tdata-datepick-group=\"mphb-search-form-69e087e36f443\"\n\t\t\tvalue=\"\"\n\t\t\tplaceholder=\"Check-out Date\"\n\t\t\trequired=\"required\"\n\t\t\ttype=\"text\"\n\t\t\tname=\"mphb_check_out_date\"\n\t\t\tclass=\"mphb-datepick\"\n\t\t\tautocomplete=\"off\"\n\t\t\t\/>\n\t<\/p>\n\n\t\t\t<p class=\"mphb_sc_search-adults frm_form_field\">\n\t\t\t<label for=\"mphb_adults-mphb-search-form-69e087e36f443\">\n\t\t\t\tAdults\t\t\t<\/label>\n\t\t\t<br \/>\n\t\t\t<select id=\"mphb_adults-mphb-search-form-69e087e36f443\" name=\"mphb_adults\" >\n\t\t\t\t\t\t\t\t\t<option value=\"1\"  selected='selected'>1<\/option>\n\t\t\t\t\t\t\t\t\t<option value=\"2\" >2<\/option>\n\t\t\t\t\t\t\t\t\t<option value=\"3\" >3<\/option>\n\t\t\t\t\t\t\t\t\t<option value=\"4\" >4<\/option>\n\t\t\t\t\t\t\t\t\t<option value=\"5\" >5<\/option>\n\t\t\t\t\t\t\t\t\t<option value=\"6\" >6<\/option>\n\t\t\t\t\t\t\t\t\t<option value=\"7\" >7<\/option>\n\t\t\t\t\t\t\t\t\t<option value=\"8\" >8<\/option>\n\t\t\t\t\t\t\t\t\t<option value=\"9\" >9<\/option>\n\t\t\t\t\t\t\t\t\t<option value=\"10\" >10<\/option>\n\t\t\t\t\t\t\t\t\t<option value=\"11\" >11<\/option>\n\t\t\t\t\t\t\t\t\t<option value=\"12\" >12<\/option>\n\t\t\t\t\t\t\t\t\t<option value=\"13\" >13<\/option>\n\t\t\t\t\t\t\t\t\t<option value=\"14\" >14<\/option>\n\t\t\t\t\t\t\t\t\t<option value=\"15\" >15<\/option>\n\t\t\t\t\t\t\t\t\t<option value=\"16\" >16<\/option>\n\t\t\t\t\t\t\t\t\t<option value=\"17\" >17<\/option>\n\t\t\t\t\t\t\t\t\t<option value=\"18\" >18<\/option>\n\t\t\t\t\t\t\t\t\t<option value=\"19\" >19<\/option>\n\t\t\t\t\t\t\t\t\t<option value=\"20\" >20<\/option>\n\t\t\t\t\t\t\t\t\t<option value=\"21\" >21<\/option>\n\t\t\t\t\t\t\t\t\t<option value=\"22\" >22<\/option>\n\t\t\t\t\t\t\t\t\t<option value=\"23\" >23<\/option>\n\t\t\t\t\t\t\t\t\t<option value=\"24\" >24<\/option>\n\t\t\t\t\t\t\t\t\t<option value=\"25\" >25<\/option>\n\t\t\t\t\t\t\t\t\t<option value=\"26\" >26<\/option>\n\t\t\t\t\t\t\t\t\t<option value=\"27\" >27<\/option>\n\t\t\t\t\t\t\t\t\t<option value=\"28\" >28<\/option>\n\t\t\t\t\t\t\t\t\t<option value=\"29\" >29<\/option>\n\t\t\t\t\t\t\t\t\t<option value=\"30\" >30<\/option>\n\t\t\t\t\t\t\t<\/select>\n\t\t<\/p>\n\t\n\t\t\t<p class=\"mphb_sc_search-children frm_form_field\">\n\t\t\t<label for=\"mphb_children-mphb-search-form-69e087e36f443\">\n\t\t\t\tChildren\t\t\t<\/label>\n\t\t\t<br \/>\n\t\t\t<select id=\"mphb_children-mphb-search-form-69e087e36f443\" name=\"mphb_children\">\n\t\t\t\t\t\t\t\t\t<option value=\"0\"  selected='selected'>0<\/option>\n\t\t\t\t\t\t\t\t\t<option value=\"1\" >1<\/option>\n\t\t\t\t\t\t\t\t\t<option value=\"2\" >2<\/option>\n\t\t\t\t\t\t\t\t\t<option value=\"3\" >3<\/option>\n\t\t\t\t\t\t\t\t\t<option value=\"4\" >4<\/option>\n\t\t\t\t\t\t\t\t\t<option value=\"5\" >5<\/option>\n\t\t\t\t\t\t\t\t\t<option value=\"6\" >6<\/option>\n\t\t\t\t\t\t\t\t\t<option value=\"7\" >7<\/option>\n\t\t\t\t\t\t\t\t\t<option value=\"8\" >8<\/option>\n\t\t\t\t\t\t\t\t\t<option value=\"9\" >9<\/option>\n\t\t\t\t\t\t\t\t\t<option value=\"10\" >10<\/option>\n\t\t\t\t\t\t\t<\/select>\n\t\t<\/p>\n\t\n\t\n\t\n\t<input id=\"mphb_check_in_date-mphb-search-form-69e087e36f443-hidden\" value=\"\" type=\"hidden\" name=\"mphb_check_in_date\" \/><input id=\"mphb_check_out_date-mphb-search-form-69e087e36f443-hidden\" value=\"\" type=\"hidden\" name=\"mphb_check_out_date\" \/>\n\t<p class=\"mphb_sc_search-submit-button-wrapper frm_submit\">\n\t\t<span class=\"mphb_sc_search-submit-button-wrapper-subtitle frm_submit\">Best Rate Guaranteed<\/span>\n\t\t<input type=\"submit\" class=\"button\" id=\"mphb_sc_search_form_submit_mphb-search-form-69e087e36f443\" value=\"Search\"\/>\n\t<\/p>\n\n\t\n<\/form>\n<script>\t\n\tdocument.addEventListener(\"DOMContentLoaded\", function(event) {\n\t\tjQuery(window).load(function() {\n\t\t\tsetInitialDate();\t\t\t\n\t\t});\n\t});\n\tfunction setInitialDate() {\n\t\tif(jQuery(\"#mphb_check_in_date-mphb-search-form-69e087e36f443\").hasClass(\"is-datepick\")) {\n\t\t\tjQuery.datepick.setDate(\"#mphb_check_in_date-mphb-search-form-69e087e36f443\", new Date());\n\t\t}\n\t\telse {\n\t\t\tsetTimeout(function() {\n\t\t\t\tsetInitialDate();\n\t\t\t},500);\n\t\t}\n\t}\n\tfunction OpenWindow()\n    {\n            var dateFrom = jQuery.datepick.getDate('#mphb_check_in_date-mphb-search-form-69e087e36f443')[0];\n            var dateTo = jQuery.datepick.getDate('#mphb_check_out_date-mphb-search-form-69e087e36f443')[0];\n            var strFrom=(dateFrom.getDate())+\"\/\"+(dateFrom.getMonth()+1)+\"\/\"+(dateFrom.getFullYear());\n            var strTo=(dateTo.getDate())+\"\/\"+(dateTo.getMonth()+1)+\"\/\"+(dateTo.getFullYear());\n            var strHotelID =\"19\";\n            var strUrl=\"\";\n            var stradults=jQuery(\"#mphb_adults-mphb-search-form-69e087e36f443\").val();\n            var strchildren=null;\n\t\t\tif(jQuery(\"#mphb_children-mphb-search-form-69e087e36f443\").length > 0) {\n\t\t\t\tstrchildren = jQuery(\"#mphb_children-mphb-search-form-69e087e36f443\").val();\n\t\t\t}\n            var strparadults=\"&adults=\"+stradults;\n\t\t\tif(strchildren != null) {strparadults = strparadults +\"&children=\"+strchildren; }\n           \n\t\t\tstrUrl = \"https:\/\/securept4.e-gdscloud.com\/arrabidaguesthouse\/RedirectFromOutSide.aspx?HotelID=\" + strHotelID + \"&ArrivalDate=\" + strFrom + \"&DepartureDate=\" + strTo+strparadults;\n            \n\t\t\twindow.open(strUrl, '_blank'); \n        \/\/}\n    }\n\t\n\tjQuery(\"#mphb_form-mphb-search-form-69e087e36f443\").on(\"submit\", function(e) {\n\t\te.preventDefault();\n\t\t\n\t\tOpenWindow();\n\t\tsetTimeout(function() {jQuery(\"#mphb_form-mphb-search-form-69e087e36f443\").find(\"input[type='submit']\").removeAttr(\"disabled\").find(\".lds-ring\").remove();},500);\n\t\t\n\t\t\n\t\treturn false;\n\t});\n<\/script><\/div><\/div>\n        \t\t<\/div>\n\t\t\t\t<\/div>\n\t\t\t\t\t<\/div>\n\t\t<\/div>\n\t\t\t\t\t\t\t<\/div>\n\t\t<\/section>\n\t\t\t\t<section class=\"elementor-section elementor-top-section elementor-element elementor-element-cd2cb7f elementor-section-boxed elementor-section-height-default elementor-section-height-default\" data-id=\"cd2cb7f\" data-element_type=\"section\" data-settings=\"{&quot;background_background&quot;:&quot;classic&quot;}\">\n\t\t\t\t\t\t<div class=\"elementor-container elementor-column-gap-default\">\n\t\t\t\t\t<div class=\"elementor-column elementor-col-100 elementor-top-column elementor-element elementor-element-77c6e91\" data-id=\"77c6e91\" data-element_type=\"column\">\n\t\t\t<div class=\"elementor-widget-wrap elementor-element-populated\">\n\t\t\t\t\t\t\t\t<div class=\"elementor-element elementor-element-b31ef5f elementor-widget elementor-widget-spacer\" data-id=\"b31ef5f\" data-element_type=\"widget\" data-widget_type=\"spacer.default\">\n\t\t\t\t<div class=\"elementor-widget-container\">\n\t\t\t\t\t<div class=\"elementor-spacer\">\n\t\t\t<div class=\"elementor-spacer-inner\"><\/div>\n\t\t<\/div>\n\t\t\t\t<\/div>\n\t\t\t\t<\/div>\n\t\t\t\t<div class=\"elementor-element elementor-element-3f25bd5 elementor-widget elementor-widget-text-editor\" data-id=\"3f25bd5\" data-element_type=\"widget\" data-widget_type=\"text-editor.default\">\n\t\t\t\t<div class=\"elementor-widget-container\">\n\t\t\t<style>\/*! elementor - v3.3.1 - 20-07-2021 *\/\n.elementor-widget-text-editor.elementor-drop-cap-view-stacked .elementor-drop-cap{background-color:#818a91;color:#fff}.elementor-widget-text-editor.elementor-drop-cap-view-framed .elementor-drop-cap{color:#818a91;border:3px solid;background-color:transparent}.elementor-widget-text-editor:not(.elementor-drop-cap-view-default) .elementor-drop-cap{margin-top:8px}.elementor-widget-text-editor:not(.elementor-drop-cap-view-default) .elementor-drop-cap-letter{width:1em;height:1em}.elementor-widget-text-editor .elementor-drop-cap{float:left;text-align:center;line-height:1;font-size:50px}.elementor-widget-text-editor .elementor-drop-cap-letter{display:inline-block}<\/style>\t\t\t\t\t<p>Arr\u00e1bida Guest House guarantees that all your data will be processed in accordance with the relevant European Community standards. The purpose of our privacy policy is to describe thoroughly the various types of information collected during your interaction with the website and to explain how we use this information.<\/p><p><strong>Information Collected<\/strong><br \/>In the context of the use of our website, the user may transmit various personal data, such as name, email, telephone number and \/ or mobile phone, among others. The communication of this data is optional and at the user\u2019s entire responsibility.<\/p><p>We collect information about you when you place a contact request for a service, when you call or when you subscribe to our monthly newsletter.<\/p><p>The personal data collected are those necessary for the purpose for which you contacted us, dealing in this area with data such as name, address, telephone number, email address, subject, NIF (in the case of a transaction commercial) and the identification document (in the case of the exercise of a right). By providing your personal data, you are authorizing the collection, use and disclosure of the data in accordance with the rules defined herein.<\/p><p>We ask you not to send or share with Arr\u00e1bida Guest House any sensitive personal information such as racial or ethnic origin, political opinions, religious or philosophical beliefs, or trade union membership, as well as genetic data, biometric data, data relating to health or data relating to sexual life or sexual orientation.<\/p><p>In each access to our website and its contents, access data is also recorded in the form of protocol. Each record may include the following data:<\/p><ol><li>The website from which our page is accessed;<\/li><li>The IP address;<\/li><li>The access date \/ time;<\/li><li>The customer\u2019s request;<\/li><li>The http response code;<\/li><li>The amount of data transmitted;<\/li><li>Information about the browser and operating system used.<\/li><\/ol><p>The information collected will be used to make your visit to our site as productive and enjoyable as possible. The guarantee of the confidentiality of the personal data of the users of our site is important for Arr\u00e1bida Guest House.<\/p><p>Information regarding customers, members, subscribers, or visitors using the www.arrabidaguesthouse.pt website will be handled in accordance with the General Data Protection Regulation of May 25, 2018, which replaced the Data Protection Act of October 26, 1998 (Law no. 67\/98).<\/p><p><strong>How we use your information<\/strong><br \/>The information collected on our website is used to process your request and, if you agree, to send you information about articles about marketing, products and services that we think may be of interest to you.<\/p><p>We use the information collected from the website to customize your next visits to our website.<\/p><p>Arr\u00e1bida Guest House does not share your information for marketing campaigns with outside companies nor does it transfer your Personal Data to a third country.<\/p><p>You have the right to complain to a European Union Monitoring Authority regarding the protection of your Personal Data. Arr\u00e1bida Guest House will cooperate with the Control Authority by providing it with all the information requested by it in the exercise of its powers.<\/p><p>As holder of your Personal Data, you have the right to access, rectify, delete (right to be forgotten), restriction of treatment and portability and to oppose the processing of personal data, in accordance with the General Regulation on Protection of Data.<\/p><p>If you wish to exercise your rights, you should contact us in writing by e-mail or by post to the headquarters address. To ensure your protection, you may be asked to prove your identity.<\/p><p><strong>Cookies<\/strong><br \/>Cookies are used to store information, such as your preferences when visiting our website. A cookie is a string of text information that a website transfers to the browser cookie file on your computer\u2019s hard drive, allowing the site to be able to remember who you are. Cookies help a website organize content to suit your interests more quickly \u2013 most major sites use cookies. Alone, cookies can not be used to identify you.<\/p><p>However, this may in some way change the way we interact with our website, or other websites. These actions may affect whether or not to allow you to log in to software, websites from our and other networks.<\/p><ol><li>Own Cookies: A cookie managed by this domain \/ website.<\/li><li>Third-party cookies: A cookie managed by another domain \/ website.<\/li><li>Persistent cookies: Cookie information is permanently stored on your device.<\/li><li>Cookies de sess\u00e3o: a informa\u00e7\u00e3o do cookie n\u00e3o se encontra armazenada de forma permanente no seu equipamento.<\/li><\/ol><p>Arr\u00e1bida Guest House uses session cookies and \u201cfirst-party cookies\u201d as well as persistent cookies and third-party cookies.<\/p><p>Types of cookies depending on purpose of use:<\/p><ol><li>Technical cookies: These are the ones that allow you to navigate through a domain \/ website, using the different options or services, such as identifying the session, accessing restricted areas, and completing the purchase order process.<\/li><li>Customization cookies: those that allow you to access the domain \/ website with some predefined characteristics based on a set of decisions taken, such as the language used.<\/li><li>Analysis cookies: These are the ones that allow the monitoring and analysis of the behavior of the users of websites to which they are linked. The information collected through such cookies is used, for example, to measure website activity and to develop browsing profiles.<\/li><li>Advertising cookies: These are the ones that allow you to more efficiently manage ad slots based on criteria such as edited content or the frequency at which ads are served.<\/li><li>Behavioral advertising cookies: those that allow you to manage the most effective way of advertising space. These cookies store information about the user\u2019s behavior, obtained by continuously observing their browsing habits, allowing you to develop a specific profile to display ads based on this.<\/li><\/ol><p>Arr\u00e1bida Guest House uses Technical Cookies, Customization Cookies and Analysis Cookies; does not use Cookies or Behavioral Advertising Cookies.<\/p><p>Cookie information is controlled and accessed by the website owner.<\/p><table style=\"text-align: left; border: 1px solid #8e5436;\"><thead style=\"background-color: #8e5436; color: #fff; text-transform: uppercase; font-weight: bold;\"><tr><th style=\"width: 170px; padding: 10px;\">Cookie Name<\/th><th>Purpose<\/th><th>Duration<\/th><th>Domain<\/th><th>Type<\/th><\/tr><\/thead><tbody><tr><td style=\"padding: 10px;\">_ga<\/td><td>Cookie used by Google Analytics software to distinguish unique users to collect basic data about themselves and the website.<\/td><td>2 Years<\/td><td>www.arrabidaguesthouse.pt<\/td><td>Analysis<\/td><\/tr><tr><td style=\"padding: 10px;\">_gat<\/td><td>Cookie used by Google Analytics software to limit the number of requests to a website; to limit data collection.<\/td><td>10 Minutes<\/td><td>www.arrabidaguesthouse.pt<\/td><td>Performance<\/td><\/tr><tr><td style=\"padding: 10px;\">_gid<\/td><td>New spring cookie of 2017, used by the Google Analytics application to store a special value for every page visited within a website.<\/td><td>24 Hours<\/td><td>www.arrabidaguesthouse.pt<\/td><td>Analysis<\/td><\/tr><\/tbody><\/table><p><strong>Links to third-party websites<\/strong><br \/>Arr\u00e1bida Guest House has external links to other websites which may contain useful information or tools for visitors. The www.arrabidaguesthouse.pt privacy policy does not apply to third-party sites, so when you visit these sites from ours you should read their privacy policies. We are not responsible for the privacy policies or content on these same websites.<\/p><p><strong>Campaigns and Marketing<\/strong><br \/>Arr\u00e1bida Guest House uses email marketing to communicate with its customers and potential customers frequently. All campaigns created by us are \u201copt-in\u201d meaning that no email will be sent unless the user has confirmed their interest in receiving this type of communication.<\/p><p><strong>Privacy Policy Update<\/strong><br \/>Our privacy policies are reviewed regularly and all changes will be posted on this Website. If you have questions about our Privacy Policy, please do not hesitate to contact us.<\/p>\t\t\t\t\t\t<\/div>\n\t\t\t\t<\/div>\n\t\t\t\t<div class=\"elementor-element elementor-element-b83dc7d elementor-widget elementor-widget-spacer\" data-id=\"b83dc7d\" data-element_type=\"widget\" data-widget_type=\"spacer.default\">\n\t\t\t\t<div class=\"elementor-widget-container\">\n\t\t\t\t\t<div class=\"elementor-spacer\">\n\t\t\t<div class=\"elementor-spacer-inner\"><\/div>\n\t\t<\/div>\n\t\t\t\t<\/div>\n\t\t\t\t<\/div>\n\t\t\t\t\t<\/div>\n\t\t<\/div>\n\t\t\t\t\t\t\t<\/div>\n\t\t<\/section>\n\t\t\t\t\t\t<\/div>\n\t\t\t\t\t<\/div>\n\t\t","protected":false},"excerpt":{"rendered":"<p>Privacy Policy Arr\u00e1bida Guest House guarantees that all your data will be processed in accordance with the relevant European Community standards. The purpose of our privacy policy is to describe thoroughly the various types of information collected during your interaction &hellip; <a href=\"https:\/\/www.arrabidaguesthouse.pt\/en\/privacy-policy\/\">Read More<\/a><\/p>\n","protected":false},"author":1,"featured_media":0,"parent":0,"menu_order":16,"comment_status":"closed","ping_status":"closed","template":"","meta":[],"aioseo_notices":[],"_links":{"self":[{"href":"https:\/\/www.arrabidaguesthouse.pt\/en\/wp-json\/wp\/v2\/pages\/4838"}],"collection":[{"href":"https:\/\/www.arrabidaguesthouse.pt\/en\/wp-json\/wp\/v2\/pages"}],"about":[{"href":"https:\/\/www.arrabidaguesthouse.pt\/en\/wp-json\/wp\/v2\/types\/page"}],"author":[{"embeddable":true,"href":"https:\/\/www.arrabidaguesthouse.pt\/en\/wp-json\/wp\/v2\/users\/1"}],"replies":[{"embeddable":true,"href":"https:\/\/www.arrabidaguesthouse.pt\/en\/wp-json\/wp\/v2\/comments?post=4838"}],"version-history":[{"count":4,"href":"https:\/\/www.arrabidaguesthouse.pt\/en\/wp-json\/wp\/v2\/pages\/4838\/revisions"}],"predecessor-version":[{"id":4842,"href":"https:\/\/www.arrabidaguesthouse.pt\/en\/wp-json\/wp\/v2\/pages\/4838\/revisions\/4842"}],"wp:attachment":[{"href":"https:\/\/www.arrabidaguesthouse.pt\/en\/wp-json\/wp\/v2\/media?parent=4838"}],"curies":[{"name":"wp","href":"https:\/\/api.w.org\/{rel}","templated":true}]}}